{"id":608,"date":"2015-03-07T01:13:52","date_gmt":"2015-03-07T00:13:52","guid":{"rendered":""},"modified":"2019-06-26T20:46:44","modified_gmt":"2019-06-26T18:46:44","slug":"privacy-policy","status":"publish","type":"page","link":"https:\/\/www.medecinenaturelle.net\/presse\/privacy-policy\/","title":{"rendered":"Vie Priv\u00e9e"},"content":{"rendered":"<p>Cette politique de confidentialit\u00e9 a \u00e9t\u00e9 \u00e9labor\u00e9e pour mieux servir ceux qui sont pr\u00e9occup\u00e9s par la fa\u00e7on dont leurs \u00ab renseignements personnels identifiables \u00bb sont utilis\u00e9s en ligne. Les renseignements personnels identifiables, tels qu&rsquo;ils sont utilis\u00e9s dans la l\u00e9gislation sur la protection de la vie priv\u00e9e et la s\u00e9curit\u00e9 de l&rsquo;information, sont des informations qui peuvent \u00eatre utilis\u00e9es seules ou avec d&rsquo;autres informations pour identifier, contacter ou localiser une seule personne, ou pour identifier une personne dans son contexte. Veuillez lire attentivement notre politique de confidentialit\u00e9 afin de bien comprendre la fa\u00e7on dont nous recueillons, utilisons, prot\u00e9geons ou traitons vos renseignements personnels identifiables conform\u00e9ment \u00e0 notre site Web.<\/p>\n<h2>Quelles informations personnelles recueillons-nous aupr\u00e8s des personnes qui visitent notre blog, site web ou application ?<\/h2>\n<p>A travers des cookies ou lorsque vous utilisez notre site, le cas \u00e9ch\u00e9ant, vous pouvez \u00eatre invit\u00e9 \u00e0 entrer votre nom, adresse e-mail ou d&rsquo;autres d\u00e9tails pour vous aider avec votre exp\u00e9rience.<\/p>\n<h2>Comment utilisons-nous vos informations ?<\/h2>\n<p>Nous pouvons utiliser les informations que nous recueillons aupr\u00e8s de vous lorsque vous vous inscrivez, faites un achat, inscrivez-vous \u00e0 notre newsletter, d\u00e9verrouillez le contenu, r\u00e9pondons \u00e0 un sondage ou \u00e0 une communication marketing, surfons sur le site Web, ou utilisez certaines autres fonctionnalit\u00e9s du site.<\/p>\n<h2>Utilisation des Cookies<\/h2>\n<p>Les Cookies nous aident \u00e0 :<\/p>\n<ul>\n<li>Personnaliser l&rsquo;exp\u00e9rience de l&rsquo;utilisateur et nous permettre de fournir le type de contenu et d&rsquo;offres de produits qui vous int\u00e9resse le plus<\/li>\n<li>Am\u00e9liorer notre site web afin de mieux vous servir.<\/li>\n<li>Nous permettre de mieux vous servir en r\u00e9pondant \u00e0 vos demandes de service \u00e0 la client\u00e8le.<\/li>\n<li>Administrer un concours, une promotion, un sondage ou une autre fonctionnalit\u00e9 du site.<\/li>\n<li>Envoyer des courriels p\u00e9riodiques concernant votre commande ou d&rsquo;autres produits et services.<\/li>\n<\/ul>\n<p>Les cookies sont de petits fichiers qu&rsquo;un site ou son fournisseur de services transf\u00e8re au disque dur de votre ordinateur via votre navigateur Web (si vous le permettez) qui permet aux syst\u00e8mes du site ou du fournisseur de services de reconna\u00eetre votre navigateur et de capturer et de m\u00e9moriser certaines informations. Par exemple, nous utilisons des cookies pour nous aider \u00e0 nous souvenir et \u00e0 traiter les articles dans votre panier. Ils sont \u00e9galement utilis\u00e9s pour nous aider \u00e0 comprendre vos pr\u00e9f\u00e9rences en fonction de l&rsquo;activit\u00e9 du site pr\u00e9c\u00e9dente ou actuelle, ce qui nous permet de vous fournir des services am\u00e9lior\u00e9s. Nous utilisons \u00e9galement des cookies pour nous aider \u00e0 compiler des donn\u00e9es agr\u00e9g\u00e9es sur le trafic du site et l&rsquo;interaction du site afin que nous puissions offrir de meilleures exp\u00e9riences et outils de site \u00e0 l&rsquo;avenir.<\/p>\n<h2>Nous utilisons des cookies pour :<\/h2>\n<p>Comprendre et enregistrer les pr\u00e9f\u00e9rences de l&rsquo;utilisateur pour les visites futures.<br \/>\nM\u00e9morisez les utilisateurs qui ont d\u00e9bloqu\u00e9 l&rsquo;acc\u00e8s au contenu premium.<br \/>\nSi vous d\u00e9sactivez les cookies, certaines fonctionnalit\u00e9s seront d\u00e9sactiv\u00e9es. Ceci affectera l&rsquo;exp\u00e9rience des utilisateurs et certains de nos services ne fonctionneront pas correctement.<\/p>\n<h2>Divulgation par un tiers<\/h2>\n<p>Nous ne vendons, ne transf\u00e9rons pas \u00e0 des parties ext\u00e9rieures vos informations personnelles identifiables \u00e0 moins que nous vous fournissions un pr\u00e9avis. Cela n&rsquo;inclut pas les partenaires d&rsquo;h\u00e9bergement de sites Web et d&rsquo;autres parties qui nous aident \u00e0 exploiter notre site Web, \u00e0 mener nos activit\u00e9s ou \u00e0 vous servir, tant que ces parties acceptent de garder ces renseignements confidentiels. Nous pouvons \u00e9galement divulguer vos informations lorsque nous croyons que la divulgation est appropri\u00e9e pour se conformer \u00e0 la loi, appliquer nos politiques de site, ou prot\u00e9ger nos droits ou les droits d&rsquo;autrui, la propri\u00e9t\u00e9 ou la s\u00e9curit\u00e9.<\/p>\n<p>Toutefois, des renseignements non identifiables sur les visiteurs peuvent \u00eatre fournis \u00e0 d&rsquo;autres parties \u00e0 des fins de marketing, de publicit\u00e9 ou d&rsquo;autres utilisations.<\/p>\n<h2>Liens tiers<\/h2>\n<p>\u00c0 l&rsquo;occasion, \u00e0 notre discr\u00e9tion, nous pouvons inclure ou offrir des produits ou des services tiers sur notre site Web. Ces sites tiers ont des politiques de confidentialit\u00e9 distinctes et ind\u00e9pendantes. Nous n&rsquo;avons donc aucune responsabilit\u00e9 pour le contenu et les activit\u00e9s de ces sites li\u00e9s. N\u00e9anmoins, nous cherchons \u00e0 prot\u00e9ger l&rsquo;int\u00e9grit\u00e9 de notre site et nous nous f\u00e9licitons de toute r\u00e9troaction sur ces sites.<\/p>\n<p>S&rsquo;il y a des questions concernant cette politique de confidentialit\u00e9, vous pouvez nous contacter.<\/p>\n","protected":false},"excerpt":{"rendered":"<p>Cette politique de confidentialit\u00e9 a \u00e9t\u00e9 \u00e9labor\u00e9e pour mieux servir ceux qui sont pr\u00e9occup\u00e9s par la fa\u00e7on dont leurs \u00ab renseignements personnels identifiables \u00bb sont utilis\u00e9s en ligne. Les renseignements personnels identifiables, tels qu&rsquo;ils sont utilis\u00e9s dans la l\u00e9gislation sur la protection de la vie priv\u00e9e et la s\u00e9curit\u00e9 de l&rsquo;information, sont des informations qui&hellip;<\/p>\n","protected":false},"author":1,"featured_media":0,"parent":0,"menu_order":0,"comment_status":"closed","ping_status":"closed","template":"","meta":[],"_links":{"self":[{"href":"https:\/\/www.medecinenaturelle.net\/presse\/wp-json\/wp\/v2\/pages\/608"}],"collection":[{"href":"https:\/\/www.medecinenaturelle.net\/presse\/wp-json\/wp\/v2\/pages"}],"about":[{"href":"https:\/\/www.medecinenaturelle.net\/presse\/wp-json\/wp\/v2\/types\/page"}],"author":[{"embeddable":true,"href":"https:\/\/www.medecinenaturelle.net\/presse\/wp-json\/wp\/v2\/users\/1"}],"replies":[{"embeddable":true,"href":"https:\/\/www.medecinenaturelle.net\/presse\/wp-json\/wp\/v2\/comments?post=608"}],"version-history":[{"count":0,"href":"https:\/\/www.medecinenaturelle.net\/presse\/wp-json\/wp\/v2\/pages\/608\/revisions"}],"wp:attachment":[{"href":"https:\/\/www.medecinenaturelle.net\/presse\/wp-json\/wp\/v2\/media?parent=608"}],"curies":[{"name":"wp","href":"https:\/\/api.w.org\/{rel}","templated":true}]}}